{"id":54,"date":"2023-05-03T09:35:45","date_gmt":"2023-05-03T09:35:45","guid":{"rendered":"https:\/\/alfaromeoclub.lu\/?page_id=54"},"modified":"2026-01-27T18:15:15","modified_gmt":"2026-01-27T17:15:15","slug":"cotisation","status":"publish","type":"page","link":"https:\/\/alfaromeoclub.lu\/?page_id=54","title":{"rendered":"COTISATION"},"content":{"rendered":"\n<div class=\"wp-block-columns is-layout-flex wp-container-core-columns-is-layout-28f84493 wp-block-columns-is-layout-flex\">\n<div class=\"wp-block-column is-layout-flow wp-block-column-is-layout-flow\">\n<p>Devenir member du Alfa Romeo Club Luxembourg<br>T\u00e9l\u00e9charger votre demande d&rsquo;adh\u00e9sion&nbsp;<a href=\"https:\/\/drive.google.com\/file\/d\/1DxwdpiB-keM9FXfJgXGLH_qy0xzR5gfu\/view?usp=share_link\" target=\"_blank\" rel=\"noreferrer noopener\">ICI<\/a>.<\/p>\n\n\n\n<p><\/p>\n\n\n\n<h3 class=\"wp-block-heading\"><strong>La cotisation annuelle pour 202<\/strong>6<\/h3>\n\n\n\n<p>Merci de virer ce montant du ARCL. Ne jetez pas votre ancienne carte, elle garde sa validit\u00e9 en cas de paiement de la cotisation annuelle.&nbsp;<strong>Tous les membres&nbsp;re\u00e7oivent les courriers r\u00e9guli\u00e8rment avec toutes les informations autour du club et ses multiples activit\u00e9s.<\/strong><br><strong><br><\/strong><\/p>\n<\/div>\n\n\n\n<div class=\"wp-block-column is-layout-flow wp-block-column-is-layout-flow\">\n<p>Mitglied werden vom Alfa Romeo Club Luxembourg<br><a href=\"https:\/\/drive.google.com\/file\/d\/1DxwdpiB-keM9FXfJgXGLH_qy0xzR5gfu\/view?usp=share_link\" target=\"_blank\" rel=\"noreferrer noopener\">HIER<\/a>&nbsp;k\u00f6nnen Sie das Anmeldeformular downloaden.<\/p>\n\n\n\n<p><\/p>\n\n\n\n<h3 class=\"wp-block-heading\">Der Beitrag der Mitgliedskarte f\u00fcr 2026<\/h3>\n\n\n\n<p>Bitte \u00fcberweisen Sie den Mitgliedsbeitrag auf unser Konto. Die aktuelle Karte bitte nicht entsorgen, da sie ihre G\u00fcltigkeit bei Zahlung des Betrags beh\u00e4lt.&nbsp;<strong>Alle Mitglieder erhalten regelm\u00e4ssig eine Newsletter mit allen Informationen \u00fcber den Club und seinen vielen Aktivit\u00e4ten.<\/strong><\/p>\n<\/div>\n<\/div>\n\n\n\n<h3 class=\"wp-block-heading\"><strong>35 \u20ac<\/strong><\/h3>\n\n\n\n<p class=\"has-large-font-size\"><strong>BIC: CCPLLULL &#8211;<\/strong><strong><br>IBAN: LU61 1111 2341 1655 0000<\/strong><\/p>\n","protected":false},"excerpt":{"rendered":"<p>Devenir member du Alfa Romeo Club LuxembourgT\u00e9l\u00e9charger votre demande d&rsquo;adh\u00e9sion&nbsp;ICI. La cotisation annuelle pour 2026 Merci de virer ce montant du ARCL. Ne jetez pas votre ancienne carte, elle garde sa validit\u00e9 en cas de paiement de la cotisation annuelle.&nbsp;Tous les membres&nbsp;re\u00e7oivent les courriers r\u00e9guli\u00e8rment avec toutes les informations autour du club et ses multiples activit\u00e9s. Mitglied werden vom Alfa Romeo Club LuxembourgHIER&nbsp;k\u00f6nnen Sie das Anmeldeformular downloaden. Der Beitrag der Mitgliedskarte f\u00fcr 2026 Bitte \u00fcberweisen Sie den Mitgliedsbeitrag auf unser Konto. Die aktuelle Karte bitte nicht entsorgen, da sie ihre G\u00fcltigkeit bei Zahlung des Betrags beh\u00e4lt.&nbsp;Alle Mitglieder erhalten regelm\u00e4ssig eine<\/p>\n","protected":false},"author":1,"featured_media":0,"parent":0,"menu_order":0,"comment_status":"closed","ping_status":"closed","template":"","meta":{"footnotes":""},"class_list":["post-54","page","type-page","status-publish","hentry"],"_links":{"self":[{"href":"https:\/\/alfaromeoclub.lu\/index.php?rest_route=\/wp\/v2\/pages\/54","targetHints":{"allow":["GET"]}}],"collection":[{"href":"https:\/\/alfaromeoclub.lu\/index.php?rest_route=\/wp\/v2\/pages"}],"about":[{"href":"https:\/\/alfaromeoclub.lu\/index.php?rest_route=\/wp\/v2\/types\/page"}],"author":[{"embeddable":true,"href":"https:\/\/alfaromeoclub.lu\/index.php?rest_route=\/wp\/v2\/users\/1"}],"replies":[{"embeddable":true,"href":"https:\/\/alfaromeoclub.lu\/index.php?rest_route=%2Fwp%2Fv2%2Fcomments&post=54"}],"version-history":[{"count":10,"href":"https:\/\/alfaromeoclub.lu\/index.php?rest_route=\/wp\/v2\/pages\/54\/revisions"}],"predecessor-version":[{"id":1690,"href":"https:\/\/alfaromeoclub.lu\/index.php?rest_route=\/wp\/v2\/pages\/54\/revisions\/1690"}],"wp:attachment":[{"href":"https:\/\/alfaromeoclub.lu\/index.php?rest_route=%2Fwp%2Fv2%2Fmedia&parent=54"}],"curies":[{"name":"wp","href":"https:\/\/api.w.org\/{rel}","templated":true}]}}